{"id":99,"date":"2022-03-02T12:54:23","date_gmt":"2022-03-02T11:54:23","guid":{"rendered":"http:\/\/romandvoracek.eu\/?page_id=99"},"modified":"2024-12-13T16:55:55","modified_gmt":"2024-12-13T15:55:55","slug":"revize","status":"publish","type":"page","link":"https:\/\/vvelektro.cz\/?page_id=99","title":{"rendered":"Revize"},"content":{"rendered":"\n<figure class=\"wp-block-image size-large\"><img decoding=\"async\" loading=\"lazy\" width=\"500\" height=\"375\" src=\"http:\/\/romandvoracek.eu\/wp-content\/uploads\/2022\/03\/Thumbnail.ashx_.png\" alt=\"Metrel_3.png\" class=\"wp-image-101\" srcset=\"https:\/\/vvelektro.cz\/wp-content\/uploads\/2022\/03\/Thumbnail.ashx_.png 500w, https:\/\/vvelektro.cz\/wp-content\/uploads\/2022\/03\/Thumbnail.ashx_-300x225.png 300w\" sizes=\"(max-width: 500px) 100vw, 500px\" \/><\/figure>\n\n\n\n<h2>Revize elektrick\u00fdch za\u0159\u00edzen\u00ed prov\u00e1d\u011bn\u00fdch dle \u010cSN 331500 a NV 190\/2022 Sb.<\/h2>\n\n\n\n<p>Ka\u017ed\u00e9 elektrick\u00e9 za\u0159\u00edzen\u00ed mus\u00ed b\u00fdt podle \u010cSN b\u011bhem v\u00fdstavby a nebo po dokon\u010den\u00ed, p\u0159ed t\u00edm, ne\u017e je u\u017eivatel uvede do provozu, prohl\u00e9dnuto a vyzkou\u0161eno v r\u00e1mci v\u00fdchoz\u00ed revize. \u00da\u010delem je ov\u011b\u0159en\u00ed, pokud je to mo\u017en\u00e9, zda jsou spln\u011bny alespo\u0148 po\u017eadavky norem \u010cSN.<\/p>\n\n\n\n<p>Revize elektrick\u00fdch za\u0159\u00edzen\u00ed&nbsp;NN, VN (do 22kV)&nbsp;v\u010detn\u011b hromosvo\u016f<\/p>\n\n\n\n<p>Revize zahrnuje prohl\u00eddku, zkou\u0161en\u00ed, m\u011b\u0159en\u00ed a vypracov\u00e1n\u00ed protokolu.<\/p>\n\n\n\n<figure class=\"wp-block-image size-large\"><img decoding=\"async\" loading=\"lazy\" width=\"310\" height=\"310\" src=\"http:\/\/romandvoracek.eu\/wp-content\/uploads\/2022\/03\/Thumbnail.ashx-40.jpeg\" alt=\"Metrel_5.jpg\" class=\"wp-image-102\" srcset=\"https:\/\/vvelektro.cz\/wp-content\/uploads\/2022\/03\/Thumbnail.ashx-40.jpeg 310w, https:\/\/vvelektro.cz\/wp-content\/uploads\/2022\/03\/Thumbnail.ashx-40-300x300.jpeg 300w, https:\/\/vvelektro.cz\/wp-content\/uploads\/2022\/03\/Thumbnail.ashx-40-150x150.jpeg 150w\" sizes=\"(max-width: 310px) 100vw, 310px\" \/><\/figure>\n\n\n\n<h2>Revize dle \u010cSN EN 60204-1 ed.2<\/h2>\n\n\n\n<p>U revize pracovn\u00edch stroj\u016f prov\u00e1d\u011bn\u00fdch dle \u010cSN EN 60204-1 ed.2 (\u010cSN 332200) se n\u00e1sleduj\u00edc\u00ed zkou\u0161ky:<\/p>\n\n\n\n<ul>\n<li>kontrola ochrann\u00e9ho obvodu<\/li>\n\n\n\n<li>m\u011b\u0159en\u00ed izola\u010dn\u00edho odporu<\/li>\n\n\n\n<li>zkou\u0161ka nap\u011bt\u00edm<\/li>\n\n\n\n<li>zkou\u0161ka ochrany p\u0159ed zbytkov\u00fdm nap\u011bt\u00edm<\/li>\n\n\n\n<li>m\u011b\u0159en\u00ed elektromagnetick\u00e9ho odru\u0161en\u00ed<\/li>\n\n\n\n<li>funk\u010dn\u00ed zkou\u0161ky<\/li>\n<\/ul>\n\n\n\n<figure class=\"wp-block-image size-large\"><img decoding=\"async\" loading=\"lazy\" width=\"500\" height=\"466\" src=\"http:\/\/romandvoracek.eu\/wp-content\/uploads\/2022\/03\/Thumbnail.ashx-41.jpeg\" alt=\"revex_plus_z1.jpg\" class=\"wp-image-103\" srcset=\"https:\/\/vvelektro.cz\/wp-content\/uploads\/2022\/03\/Thumbnail.ashx-41.jpeg 500w, https:\/\/vvelektro.cz\/wp-content\/uploads\/2022\/03\/Thumbnail.ashx-41-300x280.jpeg 300w\" sizes=\"(max-width: 500px) 100vw, 500px\" \/><\/figure>\n\n\n\n<h2>Revize dle \u010cSN 331600 ed.2<\/h2>\n\n\n\n<p>Revize elektrick\u00fdch spot\u0159ebi\u010d\u016f prov\u00e1d\u011bn\u00fdch dle \u010cSN 331600 ed.2 jsou prov\u00e1d\u011bny po oprav\u00e1ch nebo \u00faprav\u00e1ch elektrick\u00fdch spot\u0159ebi\u010d\u016f nebo pravideln\u011b b\u011bhem jejich pou\u017e\u00edv\u00e1n\u00ed ve lh\u016ft\u00e1ch uveden\u00fdch v p\u0159\u00edslu\u0161n\u00fdch norm\u00e1ch \u010cSN.<\/p>\n\n\n\n<p>Prov\u00e1d\u00ed se souhrn \u00fakon\u016f, p\u0159i kter\u00fdch se prohl\u00eddkou, m\u011b\u0159en\u00edm a zkou\u0161en\u00edm zji\u0161\u0165uje stav ru\u010dn\u00edho n\u00e1\u0159ad\u00ed z hlediska bezpe\u010dnosti. Sou\u010d\u00e1st\u00ed revize elektrick\u00e9ho ru\u010dn\u00edho n\u00e1\u0159ad\u00ed je vypracov\u00e1n\u00ed protokolu o revizi.<\/p>\n\n\n\n<figure class=\"wp-block-image size-large\"><img decoding=\"async\" loading=\"lazy\" width=\"400\" height=\"300\" src=\"http:\/\/romandvoracek.eu\/wp-content\/uploads\/2022\/03\/Thumbnail.ashx-2.png\" alt=\"Metrel_4.png\" class=\"wp-image-104\" srcset=\"https:\/\/vvelektro.cz\/wp-content\/uploads\/2022\/03\/Thumbnail.ashx-2.png 400w, https:\/\/vvelektro.cz\/wp-content\/uploads\/2022\/03\/Thumbnail.ashx-2-300x225.png 300w\" sizes=\"(max-width: 400px) 100vw, 400px\" \/><\/figure>\n\n\n\n<h2>Ostatn\u00ed<\/h2>\n\n\n\n<ul>\n<li>Stanoven\u00ed vn\u011bj\u0161\u00edch vliv\u016f p\u016fsob\u00edc\u00edch na elektrick\u00e1 za\u0159\u00edzen\u00ed dle \u010cSN 332000-5-51 ed.3<\/li>\n\n\n\n<li>M\u011b\u0159en\u00ed um\u011bl\u00e9ho osv\u011btlen\u00ed&nbsp;vnit\u0159n\u00edch prostor\u016f dle&nbsp;\u010cSN 36 0011-3<\/li>\n<\/ul>\n","protected":false},"excerpt":{"rendered":"<p>Revize elektrick\u00fdch za\u0159\u00edzen\u00ed prov\u00e1d\u011bn\u00fdch dle \u010cSN 331500 a NV 190\/2022 Sb. Ka\u017ed\u00e9 elektrick\u00e9 za\u0159\u00edzen\u00ed mus\u00ed b\u00fdt podle \u010cSN b\u011bhem v\u00fdstavby a nebo po dokon\u010den\u00ed, p\u0159ed t\u00edm, ne\u017e je u\u017eivatel uvede do provozu, prohl\u00e9dnuto a vyzkou\u0161eno v r\u00e1mci v\u00fdchoz\u00ed revize. \u00da\u010delem je ov\u011b\u0159en\u00ed, pokud je to mo\u017en\u00e9, zda jsou spln\u011bny alespo\u0148 po\u017eadavky norem \u010cSN. Revize elektrick\u00fdch [&hellip;]<\/p>\n","protected":false},"author":1,"featured_media":101,"parent":0,"menu_order":0,"comment_status":"closed","ping_status":"closed","template":"","meta":[],"_links":{"self":[{"href":"https:\/\/vvelektro.cz\/index.php?rest_route=\/wp\/v2\/pages\/99"}],"collection":[{"href":"https:\/\/vvelektro.cz\/index.php?rest_route=\/wp\/v2\/pages"}],"about":[{"href":"https:\/\/vvelektro.cz\/index.php?rest_route=\/wp\/v2\/types\/page"}],"author":[{"embeddable":true,"href":"https:\/\/vvelektro.cz\/index.php?rest_route=\/wp\/v2\/users\/1"}],"replies":[{"embeddable":true,"href":"https:\/\/vvelektro.cz\/index.php?rest_route=%2Fwp%2Fv2%2Fcomments&post=99"}],"version-history":[{"count":3,"href":"https:\/\/vvelektro.cz\/index.php?rest_route=\/wp\/v2\/pages\/99\/revisions"}],"predecessor-version":[{"id":171,"href":"https:\/\/vvelektro.cz\/index.php?rest_route=\/wp\/v2\/pages\/99\/revisions\/171"}],"wp:featuredmedia":[{"embeddable":true,"href":"https:\/\/vvelektro.cz\/index.php?rest_route=\/wp\/v2\/media\/101"}],"wp:attachment":[{"href":"https:\/\/vvelektro.cz\/index.php?rest_route=%2Fwp%2Fv2%2Fmedia&parent=99"}],"curies":[{"name":"wp","href":"https:\/\/api.w.org\/{rel}","templated":true}]}}