{"id":5,"date":"2022-03-01T10:16:44","date_gmt":"2022-03-01T09:16:44","guid":{"rendered":"http:\/\/romandvoracek.eu\/?page_id=5"},"modified":"2024-12-13T18:08:04","modified_gmt":"2024-12-13T17:08:04","slug":"home","status":"publish","type":"page","link":"https:\/\/vvelektro.cz\/","title":{"rendered":""},"content":{"rendered":"\n<h2>Na\u0161e slu\u017eby<\/h2>\n\n\n\n<p>Spole\u010dnost V&amp;V ELEKTRO, s.r.o. se zab\u00fdv\u00e1 komplexn\u00edmi slu\u017ebami a dod\u00e1vkami v oboru elektro, jak silnoproud\u00fdch, tak i slaboproud\u00fdch.<\/p>\n\n\n\n<p>Na trhu jsme ji\u017e od roku 1993 a v\u00edce ne\u017e 30 let jsme schopni zajistit elektromont\u00e1\u017en\u00ed pr\u00e1ce od projektu, p\u0159es realizaci i kone\u010dnou v\u00fdchoz\u00ed revizi a dokument\u016f dle po\u017eadavk\u016f NV 190\/2022 Sb.<\/p>\n\n\n\n<p>Silnoproud\u00e9 a slaboproud\u00e9 pr\u00e1ce a dod\u00e1vky realizujeme jak v pr\u016fmyslov\u00e9m, tak i v priv\u00e1tn\u00edm sektoru.<\/p>\n","protected":false},"excerpt":{"rendered":"<p>Na\u0161e slu\u017eby Spole\u010dnost V&amp;V ELEKTRO, s.r.o. se zab\u00fdv\u00e1 komplexn\u00edmi slu\u017ebami a dod\u00e1vkami v oboru elektro, jak silnoproud\u00fdch, tak i slaboproud\u00fdch. Na trhu jsme ji\u017e od roku 1993 a v\u00edce ne\u017e 30 let jsme schopni zajistit elektromont\u00e1\u017en\u00ed pr\u00e1ce od projektu, p\u0159es realizaci i kone\u010dnou v\u00fdchoz\u00ed revizi a dokument\u016f dle po\u017eadavk\u016f NV 190\/2022 Sb. Silnoproud\u00e9 a slaboproud\u00e9 [&hellip;]<\/p>\n","protected":false},"author":1,"featured_media":0,"parent":0,"menu_order":0,"comment_status":"closed","ping_status":"closed","template":"","meta":[],"_links":{"self":[{"href":"https:\/\/vvelektro.cz\/index.php?rest_route=\/wp\/v2\/pages\/5"}],"collection":[{"href":"https:\/\/vvelektro.cz\/index.php?rest_route=\/wp\/v2\/pages"}],"about":[{"href":"https:\/\/vvelektro.cz\/index.php?rest_route=\/wp\/v2\/types\/page"}],"author":[{"embeddable":true,"href":"https:\/\/vvelektro.cz\/index.php?rest_route=\/wp\/v2\/users\/1"}],"replies":[{"embeddable":true,"href":"https:\/\/vvelektro.cz\/index.php?rest_route=%2Fwp%2Fv2%2Fcomments&post=5"}],"version-history":[{"count":6,"href":"https:\/\/vvelektro.cz\/index.php?rest_route=\/wp\/v2\/pages\/5\/revisions"}],"predecessor-version":[{"id":206,"href":"https:\/\/vvelektro.cz\/index.php?rest_route=\/wp\/v2\/pages\/5\/revisions\/206"}],"wp:attachment":[{"href":"https:\/\/vvelektro.cz\/index.php?rest_route=%2Fwp%2Fv2%2Fmedia&parent=5"}],"curies":[{"name":"wp","href":"https:\/\/api.w.org\/{rel}","templated":true}]}}