{"id":48,"date":"2022-03-02T12:32:54","date_gmt":"2022-03-02T11:32:54","guid":{"rendered":"http:\/\/romandvoracek.eu\/?page_id=48"},"modified":"2024-12-13T16:54:19","modified_gmt":"2024-12-13T15:54:19","slug":"kontakt","status":"publish","type":"page","link":"https:\/\/vvelektro.cz\/?page_id=48","title":{"rendered":"Kontakt"},"content":{"rendered":"\n<h4>V&amp;V Elektro, s.r.o.<\/h4>\n\n\n\n<p>Ludv\u00edka Vojt\u011bcha 76<br>Boskovice &nbsp;680 01<\/p>\n\n\n\n<p><a href=\"mailto:info@vvelektro.cz\">info@vvelektro.cz<\/a><br>www.vvelektro.cz<\/p>\n\n\n\n<p>I\u010cO: 26312972&nbsp;<br>DI\u010c: CZ26312972<\/p>\n\n\n\n<h4>Kontaktn\u00ed osoby<\/h4>\n\n\n\n<p><strong>Ing. Tom\u00e1\u0161 Va\u0161ul\u00edn<\/strong>&nbsp;&#8211; jednatel spole\u010dnosti<br>tel.:&nbsp;<a href=\"tel:+420 603 441 852\">+420 603 441 852<\/a><br>e-mail:&nbsp;<a href=\"mailto:tomas.vasulin@vvelektro.cz\">tomas.vasulin@vvelektro.cz<\/a><\/p>\n\n\n\n<p><strong>Bc.Mark\u00e9ta Huml\u00ed\u010dkov\u00e1, DiS.<\/strong>\u00a0&#8211; \u00fa\u010detn\u00ed<br>tel.:\u00a0<a href=\"tel:+420 603 297 415\">+420 737 236 840<\/a><br>e-mail:\u00a0<a href=\"mailto:oldrich.vasulin@vvelektro.cz\">marketa@vvelektro.cz<\/a><\/p>\n\n\n\n<p><strong>Alena Va\u0161ul\u00ednov\u00e1<\/strong>&nbsp;&#8211; administrativa<br>tel.:&nbsp;<a href=\"tel:+420 603 297 415\">+420 773 114 646<\/a><br>e-mail:&nbsp;<a href=\"mailto:oldrich.vasulin@vvelektro.cz\">vasulinova@vvelektro.cz<\/a><\/p>\n\n\n\n<p><strong>Petr Marek<\/strong>&nbsp;&#8211; koordin\u00e1tor elektro<br>tel.:&nbsp;<a href=\"tel:+420 603 297 415\">+420 733 537 624<\/a><br>e-mail:&nbsp;<a href=\"mailto:oldrich.vasulin@vvelektro.cz\">marek@vvelektro.cz<\/a><\/p>\n\n\n\n<p><strong>Libor Knofl\u00ed\u010dek<\/strong>&nbsp;&#8211; technik slaboproud\u00fdch syst\u00e9m\u016f<br>tel.:&nbsp;<a href=\"tel:+420 603 297 415\">+420 723 725 459<\/a><br>e-mail:&nbsp;<a href=\"mailto:oldrich.vasulin@vvelektro.cz\">technik@vvelektro.cz<\/a><br>&nbsp;<\/p>\n\n\n\n<p>Firma V&amp;V Elektro, s.r.o. se s\u00eddlem v Boskovic\u00edch, zaps\u00e1na do Obchodn\u00edho rejst\u0159\u00edku veden\u00e9ho Krajsk\u00fdm soudem v Brn\u011b dne 11.02.2003 (odd\u00edl C. , vlo\u017eka 43139).<\/p>\n\n\n\n<p><\/p>\n","protected":false},"excerpt":{"rendered":"<p>V&amp;V Elektro, s.r.o. Ludv\u00edka Vojt\u011bcha 76Boskovice &nbsp;680 01 info@vvelektro.czwww.vvelektro.cz I\u010cO: 26312972&nbsp;DI\u010c: CZ26312972 Kontaktn\u00ed osoby Ing. Tom\u00e1\u0161 Va\u0161ul\u00edn&nbsp;&#8211; jednatel spole\u010dnostitel.:&nbsp;+420 603 441 852e-mail:&nbsp;tomas.vasulin@vvelektro.cz Bc.Mark\u00e9ta Huml\u00ed\u010dkov\u00e1, DiS.\u00a0&#8211; \u00fa\u010detn\u00edtel.:\u00a0+420 737 236 840e-mail:\u00a0marketa@vvelektro.cz Alena Va\u0161ul\u00ednov\u00e1&nbsp;&#8211; administrativatel.:&nbsp;+420 773 114 646e-mail:&nbsp;vasulinova@vvelektro.cz Petr Marek&nbsp;&#8211; koordin\u00e1tor elektrotel.:&nbsp;+420 733 537 624e-mail:&nbsp;marek@vvelektro.cz Libor Knofl\u00ed\u010dek&nbsp;&#8211; technik slaboproud\u00fdch syst\u00e9m\u016ftel.:&nbsp;+420 723 725 459e-mail:&nbsp;technik@vvelektro.cz&nbsp; Firma V&amp;V Elektro, s.r.o. se [&hellip;]<\/p>\n","protected":false},"author":1,"featured_media":0,"parent":0,"menu_order":0,"comment_status":"closed","ping_status":"closed","template":"","meta":[],"_links":{"self":[{"href":"https:\/\/vvelektro.cz\/index.php?rest_route=\/wp\/v2\/pages\/48"}],"collection":[{"href":"https:\/\/vvelektro.cz\/index.php?rest_route=\/wp\/v2\/pages"}],"about":[{"href":"https:\/\/vvelektro.cz\/index.php?rest_route=\/wp\/v2\/types\/page"}],"author":[{"embeddable":true,"href":"https:\/\/vvelektro.cz\/index.php?rest_route=\/wp\/v2\/users\/1"}],"replies":[{"embeddable":true,"href":"https:\/\/vvelektro.cz\/index.php?rest_route=%2Fwp%2Fv2%2Fcomments&post=48"}],"version-history":[{"count":5,"href":"https:\/\/vvelektro.cz\/index.php?rest_route=\/wp\/v2\/pages\/48\/revisions"}],"predecessor-version":[{"id":170,"href":"https:\/\/vvelektro.cz\/index.php?rest_route=\/wp\/v2\/pages\/48\/revisions\/170"}],"wp:attachment":[{"href":"https:\/\/vvelektro.cz\/index.php?rest_route=%2Fwp%2Fv2%2Fmedia&parent=48"}],"curies":[{"name":"wp","href":"https:\/\/api.w.org\/{rel}","templated":true}]}}