{"id":46,"date":"2022-03-02T12:32:24","date_gmt":"2022-03-02T11:32:24","guid":{"rendered":"http:\/\/romandvoracek.eu\/?page_id=46"},"modified":"2024-12-13T16:57:00","modified_gmt":"2024-12-13T15:57:00","slug":"reference","status":"publish","type":"page","link":"https:\/\/vvelektro.cz\/?page_id=46","title":{"rendered":"Reference"},"content":{"rendered":"\n<h4>Reference elektro &#8211; mont\u00e1\u017ee, opravy, revize:<\/h4>\n\n\n\n<ul>\n<li>MINERVA Boskovice<\/li>\n\n\n\n<li>Z\u0160&nbsp;Boskovice<\/li>\n\n\n\n<li>M\u0160&nbsp;Boskovice<\/li>\n\n\n\n<li>ZT Bosko, Boskovice<\/li>\n\n\n\n<li>BOSKO, R\u00e1jec-Jest\u0159eb\u00ed<\/li>\n\n\n\n<li>JUNKER I.E., Boskovice<\/li>\n\n\n\n<li>MP Lesy, Boskovice<\/li>\n\n\n\n<li>M\u00da Boskovice, Boskovice<\/li>\n\n\n\n<li>TPS mont\u00e1\u017ee Pol\u00edvka, Boskovice<\/li>\n<\/ul>\n\n\n\n<ul>\n<li>M\u00da Byst\u0159ice pod Pern\u0161tejnem<\/li>\n\n\n\n<li>M\u011bstsk\u00e1 spr\u00e1va soci\u00e1ln\u00edch slu\u017eeb&nbsp;Boskovice<\/li>\n\n\n\n<li>AMF Reece&nbsp;Prost\u011bjov<\/li>\n\n\n\n<li>Autospol,&nbsp;Boskovice<\/li>\n\n\n\n<li>Autos, Kun\u0161t\u00e1t na Morav\u011b<\/li>\n\n\n\n<li>Spg\u0160, Boskovice<\/li>\n\n\n\n<li>PentaCo, Boskovice<\/li>\n\n\n\n<li>SBD J\u00edlov\u00e1, Brno<\/li>\n\n\n\n<li>STAVKOM, Boskovice<\/li>\n<\/ul>\n\n\n\n<ul>\n<li>ColorProfi, Boskovice<\/li>\n\n\n\n<li>Sulkom, Kn\u00ednice<\/li>\n\n\n\n<li>ALO Diamonds<\/li>\n\n\n\n<li>ALOVE<\/li>\n\n\n\n<li>GAS Outlet Arena Moravia<\/li>\n\n\n\n<li>Pietro Filipi Praha<\/li>\n\n\n\n<li>S+C ALFANAMETAL Tr\u0161ice<\/li>\n\n\n\n<li>FERAMO, Brno<\/li>\n\n\n\n<li>ColorProfi, Boskovice<\/li>\n\n\n\n<li>LD Seating, Boskovice<\/li>\n<\/ul>\n\n\n\n<p><\/p>\n\n\n\n<hr class=\"wp-block-separator has-css-opacity\"\/>\n\n\n\n<p><\/p>\n\n\n\n<h4>Reference slaboproud\u00e9 rozvody:<\/h4>\n\n\n\n<ul>\n<li>STK Slatina, Brno<\/li>\n\n\n\n<li>VR Group, Brno<\/li>\n\n\n\n<li>ALPS Electric Czech, Sebranice<\/li>\n\n\n\n<li>Kr\u00e1lovopolsk\u00e1 RIA, Brno<\/li>\n\n\n\n<li>Z\u0160&nbsp;Boskovice<\/li>\n\n\n\n<li>M\u0160&nbsp;Boskovice<\/li>\n\n\n\n<li>ARTECO, Boskovice<\/li>\n\n\n\n<li>TRYMET, Boskovice<\/li>\n\n\n\n<li>AK JUDr. Paroulek, Blansko<\/li>\n\n\n\n<li>BOSKO, R\u00e1jec-Jest\u0159eb\u00ed<\/li>\n\n\n\n<li>Penzion a Klub Ml\u00fdn, Doln\u00ed Lhota<\/li>\n\n\n\n<li>Z\u0160 a M\u0160 Kun\u0161t\u00e1t<\/li>\n<\/ul>\n\n\n\n<ul>\n<li>Prodejna zbran\u00ed Sudick\u00fd Dv\u016fr, Sudice<\/li>\n\n\n\n<li>Sulkom, Boskovice<\/li>\n\n\n\n<li>Hemodial\u00fdza \u2013 Nemocnice Boskovice<\/li>\n\n\n\n<li>RK Tajovsk\u00fd, Boskovice<\/li>\n\n\n\n<li>O\u00da Kn\u00ednice<\/li>\n\n\n\n<li>O\u00da N\u011bm\u010dice<\/li>\n\n\n\n<li>O\u00da Valchov<\/li>\n\n\n\n<li>M\u0160 N\u011bm\u010dice<\/li>\n\n\n\n<li>L\u00e1n\u00edk, Boskovice<\/li>\n\n\n\n<li>St\u0159elnice MV Brno<\/li>\n\n\n\n<li>CzechBlades, Jev\u00ed\u010dko<\/li>\n\n\n\n<li>Fotbalov\u00e9 z\u00e1zem\u00ed, Vod\u011brady<\/li>\n<\/ul>\n\n\n\n<ul>\n<li>Penzion Pod z\u00e1mkem, Boskovice<\/li>\n\n\n\n<li>HE-PA, R\u00e1jec-Jest\u0159eb\u00ed<\/li>\n\n\n\n<li>MP Lesy, Boskovice<\/li>\n\n\n\n<li>FERAMO, Brno<\/li>\n\n\n\n<li>M\u011bstsk\u00e1 spr\u00e1va soci\u00e1ln\u00edch slu\u017eeb, Boskovice<\/li>\n\n\n\n<li>Agroakcia, Skalice n.Svitavou<\/li>\n\n\n\n<li>REHAU, Jev\u00ed\u010dko<\/li>\n\n\n\n<li>Kulturn\u00ed d\u016fm, Kn\u00ednice<\/li>\n\n\n\n<li>D\u011btsk\u00e1 l\u00e9\u010debna pohybov\u00fdch poruch, Boskovice<\/li>\n\n\n\n<li>ALO Diamonds<\/li>\n\n\n\n<li>ALOVE<\/li>\n\n\n\n<li>a dal\u0161\u00ed aplikace i v soukrom\u00e9m sektoru<\/li>\n<\/ul>\n\n\n\n<p><\/p>\n","protected":false},"excerpt":{"rendered":"<p>Reference elektro &#8211; mont\u00e1\u017ee, opravy, revize: Reference slaboproud\u00e9 rozvody:<\/p>\n","protected":false},"author":1,"featured_media":84,"parent":0,"menu_order":0,"comment_status":"closed","ping_status":"closed","template":"","meta":[],"_links":{"self":[{"href":"https:\/\/vvelektro.cz\/index.php?rest_route=\/wp\/v2\/pages\/46"}],"collection":[{"href":"https:\/\/vvelektro.cz\/index.php?rest_route=\/wp\/v2\/pages"}],"about":[{"href":"https:\/\/vvelektro.cz\/index.php?rest_route=\/wp\/v2\/types\/page"}],"author":[{"embeddable":true,"href":"https:\/\/vvelektro.cz\/index.php?rest_route=\/wp\/v2\/users\/1"}],"replies":[{"embeddable":true,"href":"https:\/\/vvelektro.cz\/index.php?rest_route=%2Fwp%2Fv2%2Fcomments&post=46"}],"version-history":[{"count":5,"href":"https:\/\/vvelektro.cz\/index.php?rest_route=\/wp\/v2\/pages\/46\/revisions"}],"predecessor-version":[{"id":172,"href":"https:\/\/vvelektro.cz\/index.php?rest_route=\/wp\/v2\/pages\/46\/revisions\/172"}],"wp:featuredmedia":[{"embeddable":true,"href":"https:\/\/vvelektro.cz\/index.php?rest_route=\/wp\/v2\/media\/84"}],"wp:attachment":[{"href":"https:\/\/vvelektro.cz\/index.php?rest_route=%2Fwp%2Fv2%2Fmedia&parent=46"}],"curies":[{"name":"wp","href":"https:\/\/api.w.org\/{rel}","templated":true}]}}