{"id":19,"date":"2022-03-01T10:25:05","date_gmt":"2022-03-01T09:25:05","guid":{"rendered":"http:\/\/romandvoracek.eu\/?page_id=19"},"modified":"2022-03-01T10:34:29","modified_gmt":"2022-03-01T09:34:29","slug":"elektroinstalace","status":"publish","type":"page","link":"https:\/\/vvelektro.cz\/?page_id=19","title":{"rendered":"Elektroinstalace"},"content":{"rendered":"\n<h2>Pr\u016fmyslov\u00e9 elektroinstalace<\/h2>\n\n\n\n<p>Prov\u00e1d\u00edme pr\u016fmyslov\u00e9 elektroinstalace NN i VN pro&nbsp;v\u00fdrobn\u00ed&nbsp;haly, rozvodny, sklady. Instalujeme a&nbsp;rekonstruujeme&nbsp;osv\u011btlen\u00ed, prov\u00e1d\u00edme p\u0159ekl\u00e1dky kabel\u016f, kabelov\u00fdch ro\u0161t\u016f, \u017elab\u016f a&nbsp;instalace ve\u0159ejn\u00e9ho osv\u011btlen\u00ed.<\/p>\n\n\n\n<h2>Ostatn\u00ed elektroinstalace<\/h2>\n\n\n\n<p><\/p>\n\n\n\n<p>Prov\u00e1d\u00edme&nbsp;elektroinstalace v komer\u010dn\u00edch prostor\u00e1ch a objektech v\u010detn\u011b priv\u00e1tn\u00edho sektoru.<\/p>\n","protected":false},"excerpt":{"rendered":"<p>Pr\u016fmyslov\u00e9 elektroinstalace Prov\u00e1d\u00edme pr\u016fmyslov\u00e9 elektroinstalace NN i VN pro&nbsp;v\u00fdrobn\u00ed&nbsp;haly, rozvodny, sklady. Instalujeme a&nbsp;rekonstruujeme&nbsp;osv\u011btlen\u00ed, prov\u00e1d\u00edme p\u0159ekl\u00e1dky kabel\u016f, kabelov\u00fdch ro\u0161t\u016f, \u017elab\u016f a&nbsp;instalace ve\u0159ejn\u00e9ho osv\u011btlen\u00ed. Ostatn\u00ed elektroinstalace Prov\u00e1d\u00edme&nbsp;elektroinstalace v komer\u010dn\u00edch prostor\u00e1ch a objektech v\u010detn\u011b priv\u00e1tn\u00edho sektoru.<\/p>\n","protected":false},"author":1,"featured_media":29,"parent":0,"menu_order":0,"comment_status":"closed","ping_status":"closed","template":"","meta":[],"_links":{"self":[{"href":"https:\/\/vvelektro.cz\/index.php?rest_route=\/wp\/v2\/pages\/19"}],"collection":[{"href":"https:\/\/vvelektro.cz\/index.php?rest_route=\/wp\/v2\/pages"}],"about":[{"href":"https:\/\/vvelektro.cz\/index.php?rest_route=\/wp\/v2\/types\/page"}],"author":[{"embeddable":true,"href":"https:\/\/vvelektro.cz\/index.php?rest_route=\/wp\/v2\/users\/1"}],"replies":[{"embeddable":true,"href":"https:\/\/vvelektro.cz\/index.php?rest_route=%2Fwp%2Fv2%2Fcomments&post=19"}],"version-history":[{"count":2,"href":"https:\/\/vvelektro.cz\/index.php?rest_route=\/wp\/v2\/pages\/19\/revisions"}],"predecessor-version":[{"id":30,"href":"https:\/\/vvelektro.cz\/index.php?rest_route=\/wp\/v2\/pages\/19\/revisions\/30"}],"wp:featuredmedia":[{"embeddable":true,"href":"https:\/\/vvelektro.cz\/index.php?rest_route=\/wp\/v2\/media\/29"}],"wp:attachment":[{"href":"https:\/\/vvelektro.cz\/index.php?rest_route=%2Fwp%2Fv2%2Fmedia&parent=19"}],"curies":[{"name":"wp","href":"https:\/\/api.w.org\/{rel}","templated":true}]}}